{"id":987953,"date":"2023-04-01T09:31:21","date_gmt":"2023-04-01T09:31:21","guid":{"rendered":"https:\/\/www.rjfashionjewelry.com\/?post_type=product&#038;p=987953"},"modified":"2023-04-14T16:22:22","modified_gmt":"2023-04-14T16:22:22","slug":"r6004-pl-6-mm-gold-san-benito-rosary-rosario","status":"publish","type":"product","link":"https:\/\/www.rjfashionjewelry.com\/es\/producto\/r6004-pl-6-mm-gold-san-benito-rosary-rosario\/","title":{"rendered":"R6004 PL 6 MM Oro Laminado Rosario San Benito Rosario"},"content":{"rendered":"<div class=\"vgblk-rw-wrapper limit-wrapper\">\n<p><b>Tama\u00f1o :<\/b> 26\u201d<\/p>\n<p><b>Grosor :<\/b> 6 MM<\/p>\n<p><b>Color :<\/b> Gold Purple<\/p>\n<p><b>Tipo de paquete:<\/b> 1 Piece * 12 Pieces = 1 Packet(Dozen)<\/p>\n<\/div>\n<p><!-- .vgblk-rw-wrapper --><\/p>","protected":false},"excerpt":{"rendered":"<p>Rosario de San Benito 6 MM<\/p>\n<p>Cuentas de corte de diamante de 6 mm<\/p>\n<p>Cuentas De Vidrio De 6 MM P\u00farpura<\/p>\n<p>Ba\u00f1o de Oro Italiano de 14 K<\/p>\n<p>Medall\u00f3n de San Benito y Crucifijo Cruz Dise\u00f1o<\/p>\n<p>El dise\u00f1o de las cuentas puede variar seg\u00fan cada pedido seg\u00fan la disponibilidad<\/p>\n<p>M\u00e1xima calidad a muy buen precio<\/p>\n<p>Hecho en India<\/p>","protected":false},"featured_media":988455,"comment_status":"closed","ping_status":"closed","template":"","meta":[],"product_cat":[33],"product_tag":[],"_links":{"self":[{"href":"https:\/\/www.rjfashionjewelry.com\/es\/wp-json\/wp\/v2\/product\/987953"}],"collection":[{"href":"https:\/\/www.rjfashionjewelry.com\/es\/wp-json\/wp\/v2\/product"}],"about":[{"href":"https:\/\/www.rjfashionjewelry.com\/es\/wp-json\/wp\/v2\/types\/product"}],"replies":[{"embeddable":true,"href":"https:\/\/www.rjfashionjewelry.com\/es\/wp-json\/wp\/v2\/comments?post=987953"}],"version-history":[{"count":1,"href":"https:\/\/www.rjfashionjewelry.com\/es\/wp-json\/wp\/v2\/product\/987953\/revisions"}],"predecessor-version":[{"id":987954,"href":"https:\/\/www.rjfashionjewelry.com\/es\/wp-json\/wp\/v2\/product\/987953\/revisions\/987954"}],"wp:featuredmedia":[{"embeddable":true,"href":"https:\/\/www.rjfashionjewelry.com\/es\/wp-json\/wp\/v2\/media\/988455"}],"wp:attachment":[{"href":"https:\/\/www.rjfashionjewelry.com\/es\/wp-json\/wp\/v2\/media?parent=987953"}],"wp:term":[{"taxonomy":"product_cat","embeddable":true,"href":"https:\/\/www.rjfashionjewelry.com\/es\/wp-json\/wp\/v2\/product_cat?post=987953"},{"taxonomy":"product_tag","embeddable":true,"href":"https:\/\/www.rjfashionjewelry.com\/es\/wp-json\/wp\/v2\/product_tag?post=987953"}],"curies":[{"name":"wp","href":"https:\/\/api.w.org\/{rel}","templated":true}]}}