{"id":987936,"date":"2023-03-31T20:24:32","date_gmt":"2023-03-31T20:24:32","guid":{"rendered":"https:\/\/www.rjfashionjewelry.com\/?post_type=product&#038;p=987936"},"modified":"2023-04-14T16:00:26","modified_gmt":"2023-04-14T16:00:26","slug":"r6003-rb-6-mm-gold-guadalupe-rosary-rosario","status":"publish","type":"product","link":"https:\/\/www.rjfashionjewelry.com\/es\/producto\/r6003-rb-6-mm-gold-guadalupe-rosary-rosario\/","title":{"rendered":"R6003 RB 6 MM Oro Laminado Guadalupe Rosario Rosario"},"content":{"rendered":"<div class=\"vgblk-rw-wrapper limit-wrapper\">\n<p><b>Tama\u00f1o :<\/b> 26\u201d<\/p>\n<p><b>Grosor :<\/b> 6 MM<\/p>\n<p><b>Color :<\/b> Gold Royal Blue<\/p>\n<p><b>Tipo de paquete:<\/b> 1 Piece * 12 Pieces = 1 Packet(Dozen)<\/p>\n<\/div>\n<p><!-- .vgblk-rw-wrapper --><\/p>","protected":false},"excerpt":{"rendered":"<p>Rosario de Nuestra Se\u00f1ora de Guadalupe 6 MM<\/p>\n<p>Cuentas de corte de diamante de 6 mm<\/p>\n<p>Cuentas De Vidrio De 6 MM Azul Real<\/p>\n<p>Ba\u00f1o de Oro Italiano de 14 K<\/p>\n<p>Guadalupe Medall\u00f3n y Crucifijo Cruz Dise\u00f1o<\/p>\n<p>El dise\u00f1o de las cuentas puede variar seg\u00fan cada pedido seg\u00fan la disponibilidad<\/p>\n<p>M\u00e1xima calidad a muy buen precio<\/p>\n<p>Hecho en India<\/p>","protected":false},"featured_media":988400,"comment_status":"closed","ping_status":"closed","template":"","meta":[],"product_cat":[33],"product_tag":[],"_links":{"self":[{"href":"https:\/\/www.rjfashionjewelry.com\/es\/wp-json\/wp\/v2\/product\/987936"}],"collection":[{"href":"https:\/\/www.rjfashionjewelry.com\/es\/wp-json\/wp\/v2\/product"}],"about":[{"href":"https:\/\/www.rjfashionjewelry.com\/es\/wp-json\/wp\/v2\/types\/product"}],"replies":[{"embeddable":true,"href":"https:\/\/www.rjfashionjewelry.com\/es\/wp-json\/wp\/v2\/comments?post=987936"}],"version-history":[{"count":1,"href":"https:\/\/www.rjfashionjewelry.com\/es\/wp-json\/wp\/v2\/product\/987936\/revisions"}],"predecessor-version":[{"id":987937,"href":"https:\/\/www.rjfashionjewelry.com\/es\/wp-json\/wp\/v2\/product\/987936\/revisions\/987937"}],"wp:featuredmedia":[{"embeddable":true,"href":"https:\/\/www.rjfashionjewelry.com\/es\/wp-json\/wp\/v2\/media\/988400"}],"wp:attachment":[{"href":"https:\/\/www.rjfashionjewelry.com\/es\/wp-json\/wp\/v2\/media?parent=987936"}],"wp:term":[{"taxonomy":"product_cat","embeddable":true,"href":"https:\/\/www.rjfashionjewelry.com\/es\/wp-json\/wp\/v2\/product_cat?post=987936"},{"taxonomy":"product_tag","embeddable":true,"href":"https:\/\/www.rjfashionjewelry.com\/es\/wp-json\/wp\/v2\/product_tag?post=987936"}],"curies":[{"name":"wp","href":"https:\/\/api.w.org\/{rel}","templated":true}]}}