{"id":988094,"date":"2023-04-06T12:02:03","date_gmt":"2023-04-06T12:02:03","guid":{"rendered":"https:\/\/www.rjfashionjewelry.com\/?page_id=988094"},"modified":"2023-04-17T18:35:38","modified_gmt":"2023-04-17T18:35:38","slug":"wholesale-information","status":"publish","type":"page","link":"https:\/\/www.rjfashionjewelry.com\/es\/wholesale-information\/","title":{"rendered":"Informaci\u00f3n al por mayor"},"content":{"rendered":"<div data-elementor-type=\"wp-page\" data-elementor-id=\"988094\" class=\"elementor elementor-988094\">\n\t\t\t\t\t\t\t\t\t<section class=\"elementor-section elementor-top-section elementor-element elementor-element-0382eee elementor-section-boxed elementor-section-height-default elementor-section-height-default\" data-id=\"0382eee\" data-element_type=\"section\">\n\t\t\t\t\t\t<div class=\"elementor-container elementor-column-gap-default\">\n\t\t\t\t\t<div class=\"elementor-column elementor-col-100 elementor-top-column elementor-element elementor-element-670145f\" data-id=\"670145f\" data-element_type=\"column\">\n\t\t\t<div class=\"elementor-widget-wrap elementor-element-populated\">\n\t\t\t\t\t\t\t\t<div class=\"elementor-element elementor-element-cad165d elementor-widget elementor-widget-text-editor\" data-id=\"cad165d\" data-element_type=\"widget\" data-widget_type=\"text-editor.default\">\n\t\t\t\t<div class=\"elementor-widget-container\">\n\t\t\t\t\t\t\t<p class=\" translation-block\"><span style=\"font-weight: 400\"><strong>RJ Fashion Jewelry<\/strong> es un mercado mayorista que requiere un monto m\u00ednimo de compra para cada categor\u00eda de producto. La cantidad m\u00ednima de pedido para cada categor\u00eda es la siguiente:<\/span><\/p><p class=\" translation-block\"><span style=\"font-weight: 400\"><strong>Seminarios:<\/strong> si solicita un solo SKU, la cantidad m\u00ednima de pedido es de 120 paquetes. Si solicita m\u00e1s de 2 SKU, la cantidad m\u00ednima de pedido es de 60 paquetes por SKU.<\/span><\/p><p class=\" translation-block\"><span style=\"font-weight: 400\"><strong>Rosario:<\/strong>  La cantidad m\u00ednima de pedido para todos los SKU de Rosario, incluidos todos los n\u00fameros de estilo y colores, es de 60 paquetes.<\/span><\/p><p class=\" translation-block\"><span style=\"font-weight: 400\"><strong>Anillos:<\/strong> La cantidad m\u00ednima de pedido para todos los SKU de Anillos es de 100 paquetes.<\/span><\/p><p class=\" translation-block\"><span style=\"font-weight: 400\"><strong>Aretes:<\/strong> La cantidad m\u00ednima de pedido para todos los SKU de Aretes es de 125 paquetes.<\/span><\/p><p class=\" translation-block\"><span style=\"font-weight: 400\"><strong>Brazaletes:<\/strong> La cantidad m\u00ednima de pedido para todos los SKUs de Brazaletes y Cadenas es de $2000 USD.<\/span><\/p><p class=\" translation-block\"><span style=\"font-weight: 400\"><strong>Cadenas:<\/strong> La cantidad m\u00ednima de pedido para todos los SKUs de Cadenas y Pulseras es de $2000 USD.<\/span><\/p><p><span style=\"font-weight: 400;\">Tenga en cuenta que estos son los requisitos m\u00ednimos para compras al por mayor en RJ Fashion Jewelry. Si tiene alguna pregunta o necesita m\u00e1s ayuda, comun\u00edquese con su equipo de servicio al cliente para obtener m\u00e1s informaci\u00f3n.<\/span><\/p>\t\t\t\t\t\t<\/div>\n\t\t\t\t<\/div>\n\t\t\t\t\t<\/div>\n\t\t<\/div>\n\t\t\t\t\t\t\t<\/div>\n\t\t<\/section>\n\t\t\t\t\t\t\t<\/div>","protected":false},"excerpt":{"rendered":"<p>RJ Fashion Jewelry is a wholesale marketplace that requires a minimum purchase amount for each product category. The minimum order quantity for each category is as follows: Bangles: If you order a single SKU, the minimum quantity order is 120 packets. If you order more than 2 SKUs, the minimum quantity order is 60 packets&#8230;<\/p>","protected":false},"author":1,"featured_media":0,"parent":0,"menu_order":0,"comment_status":"closed","ping_status":"closed","template":"","meta":[],"_links":{"self":[{"href":"https:\/\/www.rjfashionjewelry.com\/es\/wp-json\/wp\/v2\/pages\/988094"}],"collection":[{"href":"https:\/\/www.rjfashionjewelry.com\/es\/wp-json\/wp\/v2\/pages"}],"about":[{"href":"https:\/\/www.rjfashionjewelry.com\/es\/wp-json\/wp\/v2\/types\/page"}],"author":[{"embeddable":true,"href":"https:\/\/www.rjfashionjewelry.com\/es\/wp-json\/wp\/v2\/users\/1"}],"replies":[{"embeddable":true,"href":"https:\/\/www.rjfashionjewelry.com\/es\/wp-json\/wp\/v2\/comments?post=988094"}],"version-history":[{"count":9,"href":"https:\/\/www.rjfashionjewelry.com\/es\/wp-json\/wp\/v2\/pages\/988094\/revisions"}],"predecessor-version":[{"id":989126,"href":"https:\/\/www.rjfashionjewelry.com\/es\/wp-json\/wp\/v2\/pages\/988094\/revisions\/989126"}],"wp:attachment":[{"href":"https:\/\/www.rjfashionjewelry.com\/es\/wp-json\/wp\/v2\/media?parent=988094"}],"curies":[{"name":"wp","href":"https:\/\/api.w.org\/{rel}","templated":true}]}}